{"id":76,"date":"2024-01-07T17:19:12","date_gmt":"2024-01-07T14:19:12","guid":{"rendered":"https:\/\/xadrezitajai.com.br\/?page_id=76"},"modified":"2024-01-07T20:15:59","modified_gmt":"2024-01-07T17:15:59","slug":"apoie","status":"publish","type":"page","link":"https:\/\/xadrezitajai.com.br\/index.php\/apoie\/","title":{"rendered":"Apoie"},"content":{"rendered":"\n<p>O Clube de Xadrez de Itaja\u00ed tem o prazer de contar com o seu apoio para continuar promovendo e fomentando o fascinante mundo do xadrez em nossa comunidade. Ao contribuir conosco, voc\u00ea n\u00e3o apenas fortalece as ra\u00edzes do xadrez em nossa cidade, mas tamb\u00e9m ajuda a desenvolver habilidades cognitivas, estrat\u00e9gicas e sociais em jogadores de todas as idades.<\/p>\n\n\n\n<p>Seu apoio permitir\u00e1 a realiza\u00e7\u00e3o de eventos, aquisi\u00e7\u00e3o de materiais e a oferta de aulas para crian\u00e7as, jovens e adultos interessados em aprimorar suas habilidades. Juntos, podemos criar um ambiente prop\u00edcio para o crescimento do xadrez em Itaja\u00ed e proporcionar oportunidades para que mais pessoas desfrutem dos benef\u00edcios do esporte.<\/p>\n\n\n\n<p class=\"has-text-align-center\"><strong>Chave PIX: 95.314.183\/0001-26<\/strong><\/p>\n\n\n\n<figure class=\"wp-block-image aligncenter size-full\"><img loading=\"lazy\" decoding=\"async\" width=\"280\" height=\"280\" src=\"https:\/\/xadrezitajai.com.br\/wp-content\/uploads\/2024\/01\/pix-cxi-edited.png\" alt=\"\" class=\"wp-image-115\" srcset=\"https:\/\/xadrezitajai.com.br\/wp-content\/uploads\/2024\/01\/pix-cxi-edited.png 280w, https:\/\/xadrezitajai.com.br\/wp-content\/uploads\/2024\/01\/pix-cxi-edited-150x150.png 150w\" sizes=\"(max-width: 280px) 100vw, 280px\" \/><\/figure>\n","protected":false},"excerpt":{"rendered":"<p>O Clube de Xadrez de Itaja\u00ed tem o prazer de contar com o seu apoio para continuar promovendo e fomentando [&hellip;]<\/p>\n","protected":false},"author":1,"featured_media":0,"parent":0,"menu_order":4,"comment_status":"closed","ping_status":"closed","template":"","meta":{"site-sidebar-layout":"default","site-content-layout":"","ast-site-content-layout":"","site-content-style":"default","site-sidebar-style":"default","ast-global-header-display":"","ast-banner-title-visibility":"","ast-main-header-display":"","ast-hfb-above-header-display":"","ast-hfb-below-header-display":"","ast-hfb-mobile-header-display":"","site-post-title":"","ast-breadcrumbs-content":"","ast-featured-img":"","footer-sml-layout":"","theme-transparent-header-meta":"","adv-header-id-meta":"","stick-header-meta":"","header-above-stick-meta":"","header-main-stick-meta":"","header-below-stick-meta":"","astra-migrate-meta-layouts":"default","ast-page-background-enabled":"default","ast-page-background-meta":{"desktop":{"background-color":"var(--ast-global-color-4)","background-image":"","background-repeat":"repeat","background-position":"center center","background-size":"auto","background-attachment":"scroll","background-type":"","background-media":"","overlay-type":"","overlay-color":"","overlay-gradient":""},"tablet":{"background-color":"","background-image":"","background-repeat":"repeat","background-position":"center center","background-size":"auto","background-attachment":"scroll","background-type":"","background-media":"","overlay-type":"","overlay-color":"","overlay-gradient":""},"mobile":{"background-color":"","background-image":"","background-repeat":"repeat","background-position":"center center","background-size":"auto","background-attachment":"scroll","background-type":"","background-media":"","overlay-type":"","overlay-color":"","overlay-gradient":""}},"ast-content-background-meta":{"desktop":{"background-color":"var(--ast-global-color-5)","background-image":"","background-repeat":"repeat","background-position":"center center","background-size":"auto","background-attachment":"scroll","background-type":"","background-media":"","overlay-type":"","overlay-color":"","overlay-gradient":""},"tablet":{"background-color":"var(--ast-global-color-5)","background-image":"","background-repeat":"repeat","background-position":"center center","background-size":"auto","background-attachment":"scroll","background-type":"","background-media":"","overlay-type":"","overlay-color":"","overlay-gradient":""},"mobile":{"background-color":"var(--ast-global-color-5)","background-image":"","background-repeat":"repeat","background-position":"center center","background-size":"auto","background-attachment":"scroll","background-type":"","background-media":"","overlay-type":"","overlay-color":"","overlay-gradient":""}},"footnotes":""},"_links":{"self":[{"href":"https:\/\/xadrezitajai.com.br\/index.php\/wp-json\/wp\/v2\/pages\/76"}],"collection":[{"href":"https:\/\/xadrezitajai.com.br\/index.php\/wp-json\/wp\/v2\/pages"}],"about":[{"href":"https:\/\/xadrezitajai.com.br\/index.php\/wp-json\/wp\/v2\/types\/page"}],"author":[{"embeddable":true,"href":"https:\/\/xadrezitajai.com.br\/index.php\/wp-json\/wp\/v2\/users\/1"}],"replies":[{"embeddable":true,"href":"https:\/\/xadrezitajai.com.br\/index.php\/wp-json\/wp\/v2\/comments?post=76"}],"version-history":[{"count":7,"href":"https:\/\/xadrezitajai.com.br\/index.php\/wp-json\/wp\/v2\/pages\/76\/revisions"}],"predecessor-version":[{"id":119,"href":"https:\/\/xadrezitajai.com.br\/index.php\/wp-json\/wp\/v2\/pages\/76\/revisions\/119"}],"wp:attachment":[{"href":"https:\/\/xadrezitajai.com.br\/index.php\/wp-json\/wp\/v2\/media?parent=76"}],"curies":[{"name":"wp","href":"https:\/\/api.w.org\/{rel}","templated":true}]}}