{"id":71,"date":"2024-01-07T17:18:09","date_gmt":"2024-01-07T14:18:09","guid":{"rendered":"https:\/\/xadrezitajai.com.br\/?page_id=71"},"modified":"2024-01-07T19:15:06","modified_gmt":"2024-01-07T16:15:06","slug":"aulas","status":"publish","type":"page","link":"https:\/\/xadrezitajai.com.br\/index.php\/aulas\/","title":{"rendered":"Aulas"},"content":{"rendered":"\n<figure class=\"wp-block-table\"><table><thead><tr><th>Dias<\/th><th>Hor\u00e1rio<\/th><th>Local<\/th><th>Organizador<\/th><th>Respons\u00e1vel<\/th><th>Observa\u00e7\u00f5es<\/th><\/tr><\/thead><tbody><tr><td>Ter\u00e7a-feira<\/td><td>19h<\/td><td>ASPMI &#8211; Associa\u00e7\u00e3o dos Servidores P\u00fablicos Municipais de Itaja\u00ed<\/td><td>ASPMI<\/td><td>Prof. Jo\u00e3o Alberto<\/td><td>Classe \u00fanica para iniciantes<\/td><\/tr><\/tbody><\/table><\/figure>\n","protected":false},"excerpt":{"rendered":"<p>Dias Hor\u00e1rio Local Organizador Respons\u00e1vel Observa\u00e7\u00f5es Ter\u00e7a-feira 19h ASPMI &#8211; Associa\u00e7\u00e3o dos Servidores P\u00fablicos Municipais de Itaja\u00ed ASPMI Prof. Jo\u00e3o [&hellip;]<\/p>\n","protected":false},"author":1,"featured_media":0,"parent":0,"menu_order":2,"comment_status":"closed","ping_status":"closed","template":"","meta":{"site-sidebar-layout":"default","site-content-layout":"","ast-site-content-layout":"","site-content-style":"default","site-sidebar-style":"default","ast-global-header-display":"","ast-banner-title-visibility":"","ast-main-header-display":"","ast-hfb-above-header-display":"","ast-hfb-below-header-display":"","ast-hfb-mobile-header-display":"","site-post-title":"","ast-breadcrumbs-content":"","ast-featured-img":"","footer-sml-layout":"","theme-transparent-header-meta":"","adv-header-id-meta":"","stick-header-meta":"","header-above-stick-meta":"","header-main-stick-meta":"","header-below-stick-meta":"","astra-migrate-meta-layouts":"default","ast-page-background-enabled":"default","ast-page-background-meta":{"desktop":{"background-color":"var(--ast-global-color-4)","background-image":"","background-repeat":"repeat","background-position":"center center","background-size":"auto","background-attachment":"scroll","background-type":"","background-media":"","overlay-type":"","overlay-color":"","overlay-gradient":""},"tablet":{"background-color":"","background-image":"","background-repeat":"repeat","background-position":"center center","background-size":"auto","background-attachment":"scroll","background-type":"","background-media":"","overlay-type":"","overlay-color":"","overlay-gradient":""},"mobile":{"background-color":"","background-image":"","background-repeat":"repeat","background-position":"center center","background-size":"auto","background-attachment":"scroll","background-type":"","background-media":"","overlay-type":"","overlay-color":"","overlay-gradient":""}},"ast-content-background-meta":{"desktop":{"background-color":"var(--ast-global-color-5)","background-image":"","background-repeat":"repeat","background-position":"center center","background-size":"auto","background-attachment":"scroll","background-type":"","background-media":"","overlay-type":"","overlay-color":"","overlay-gradient":""},"tablet":{"background-color":"var(--ast-global-color-5)","background-image":"","background-repeat":"repeat","background-position":"center center","background-size":"auto","background-attachment":"scroll","background-type":"","background-media":"","overlay-type":"","overlay-color":"","overlay-gradient":""},"mobile":{"background-color":"var(--ast-global-color-5)","background-image":"","background-repeat":"repeat","background-position":"center center","background-size":"auto","background-attachment":"scroll","background-type":"","background-media":"","overlay-type":"","overlay-color":"","overlay-gradient":""}},"footnotes":""},"_links":{"self":[{"href":"https:\/\/xadrezitajai.com.br\/index.php\/wp-json\/wp\/v2\/pages\/71"}],"collection":[{"href":"https:\/\/xadrezitajai.com.br\/index.php\/wp-json\/wp\/v2\/pages"}],"about":[{"href":"https:\/\/xadrezitajai.com.br\/index.php\/wp-json\/wp\/v2\/types\/page"}],"author":[{"embeddable":true,"href":"https:\/\/xadrezitajai.com.br\/index.php\/wp-json\/wp\/v2\/users\/1"}],"replies":[{"embeddable":true,"href":"https:\/\/xadrezitajai.com.br\/index.php\/wp-json\/wp\/v2\/comments?post=71"}],"version-history":[{"count":5,"href":"https:\/\/xadrezitajai.com.br\/index.php\/wp-json\/wp\/v2\/pages\/71\/revisions"}],"predecessor-version":[{"id":104,"href":"https:\/\/xadrezitajai.com.br\/index.php\/wp-json\/wp\/v2\/pages\/71\/revisions\/104"}],"wp:attachment":[{"href":"https:\/\/xadrezitajai.com.br\/index.php\/wp-json\/wp\/v2\/media?parent=71"}],"curies":[{"name":"wp","href":"https:\/\/api.w.org\/{rel}","templated":true}]}}